{"id":770,"date":"2023-07-19T14:16:33","date_gmt":"2023-07-19T18:16:33","guid":{"rendered":"https:\/\/siunik.ca\/?page_id=770"},"modified":"2023-08-07T13:51:09","modified_gmt":"2023-08-07T17:51:09","slug":"politique-de-confidentialite-temoins","status":"publish","type":"page","link":"https:\/\/siunik.ca\/fr\/politique-de-confidentialite-temoins\/","title":{"rendered":"Politique de confidentialit\u00e9 t\u00e9moins"},"content":{"rendered":"<div  class=\"tatsu-SkZ_-CtCqh tatsu-section  tatsu-bg-overlay   tatsu-clearfix\" data-title=\"\"  data-headerscheme=\"background--dark\"><div class='tatsu-section-pad clearfix' data-padding='{\"d\":\"90px 0px 90px 0px\"}' data-padding-top='90px'><div class=\"tatsu-row-wrap  tatsu-wrap tatsu-row-one-col tatsu-row-has-one-cols tatsu-medium-gutter tatsu-reg-cols  tatsu-clearfix tatsu-BkxO-RtCq3\" ><div  class=\"tatsu-row \" ><div  class=\"tatsu-column  tatsu-bg-overlay tatsu-one-col tatsu-column-image-none tatsu-column-effect-none  tatsu-ryObRtC5h\"  data-parallax-speed=\"0\" style=\"\"><div class=\"tatsu-column-inner \" ><div class=\"tatsu-column-pad-wrap\"><div class=\"tatsu-column-pad\" ><div  class=\"tatsu-module tatsu-text-block-wrap tatsu-HynWAt09h  \"><div class=\"tatsu-text-inner tatsu-align-center  clearfix\" ><style>.tatsu-HynWAt09h.tatsu-text-block-wrap .tatsu-text-inner{width: 100%;text-align: left;}<\/style>\n<div id=\"politique-temoins-fr\">\n<h1>T\u00c9MOINS ET TECHNOLOGIES SEMBLABLES<\/h1>\n<h4>T\u00e9moins de premi\u00e8re et de tierce parties<\/h4>\n<p>Un \u00ab t\u00e9moin \u00bb est un petit fichier cr\u00e9\u00e9 par un serveur Web qui peut \u00eatre stock\u00e9 sur votre appareil (si vous l&rsquo;autorisez) pour \u00eatre utilis\u00e9 soit pendant une session de navigation particuli\u00e8re (t\u00e9moin \u00ab temporaire \u00bb), soit lors d&rsquo;une session de navigation ult\u00e9rieure (t\u00e9moin \u00ab persistant \u00bb ou \u00ab permanent \u00bb). Les t\u00e9moins \u00ab temporaires \u00bb sont conserv\u00e9s provisoirement sur votre disque dur et ne durent que jusqu&rsquo;\u00e0 leur expiration \u00e0 la fin de votre session de navigation. Les t\u00e9moins \u00ab persistants \u00bb ou \u00ab permanents \u00bb demeurent sur votre disque dur jusqu\u2019\u00e0 ce qu\u2019ils expirent ou que vous les supprimiez. Des objets locaux partag\u00e9s (t\u00e9moins \u00ab flash \u00bb) sont utilis\u00e9s pour collecter et stocker des informations sur vos pr\u00e9f\u00e9rences et votre navigation vers, depuis et sur un site Web. Les t\u00e9moins de premi\u00e8re partie sont mis en place par le site Web que vous visitez, et ils ne peuvent \u00eatre lus que par ce site. Les t\u00e9moins tiers sont mis en place par une partie autre que ce site Web.<\/p>\n<h4>Autres technologies semblables<\/h4>\n<p>Outre les t\u00e9moins, il existe d&rsquo;autres technologies de collecte automatique de donn\u00e9es, telles que les balises Internet, les pixels espions (images invisibles, pixels invisibles) et la collecte de donn\u00e9es de navigation (fichiers journaux, journaux de serveur, etc.) qui peuvent \u00eatre utilis\u00e9es pour recueillir des donn\u00e9es lorsque les utilisateurs naviguent sur un site Web et interagissent avec lui. Par exemple, les pixels espions sont de minuscules graphiques dot\u00e9s d&rsquo;identifiants uniques qui sont utilis\u00e9s pour comprendre l&rsquo;activit\u00e9 de navigation. De plus, les codes du module de suivi Urchin (UTM) sont des cha\u00eenes de caract\u00e8res qui peuvent appara\u00eetre dans une URL quand vous naviguez d\u2019une page Web ou d\u2019un site Web \u00e0 l\u2019autre. Ce type de cha\u00eene peut contenir des informations sur la navigation telles que la publicit\u00e9, la page ou l&rsquo;\u00e9diteur qui a envoy\u00e9 l&rsquo;utilisateur sur le site Web de destination.<\/p>\n<h3>Quels t\u00e9moins et technologies semblables sont utilis\u00e9s et comment le sont-ils?<\/h3>\n<h4>Autres technologies tierces<\/h4>\n<p>Certains tiers peuvent utiliser des technologies de collecte de donn\u00e9es automatis\u00e9e pour recueillir des renseignements \u00e0 votre sujet quand vous naviguez sur Internet. Nous n\u2019exer\u00e7ons aucun contr\u00f4le sur ces technologies tierces, ni sur la fa\u00e7on dont elles sont utilis\u00e9es. Si vous avez des questions sur le contenu cibl\u00e9, vous devez communiquer directement avec la partie responsable ou consulter sa politique de confidentialit\u00e9.<\/p>\n<h4>Vos choix en mati\u00e8re de t\u00e9moins<\/h4>\n<p>La plupart des navigateurs Web sont configur\u00e9s par d\u00e9faut pour accepter les t\u00e9moins. Si vous ne souhaitez pas recevoir de t\u00e9moins, vous pouvez r\u00e9gler votre navigateur pour qu&rsquo;il refuse tous les types de t\u00e9moins ou certains d&rsquo;entre eux, ou pour qu&rsquo;il vous avertisse lorsque des t\u00e9moins sont envoy\u00e9s par des technologies de sites Web. Ces r\u00e9glages pourraient vous emp\u00eacher de profiter de toutes les fonctionnalit\u00e9s du Site. Aussi, l&rsquo;ajustement des param\u00e8tres de t\u00e9moins peut ne pas supprimer compl\u00e8tement tous les t\u00e9moins qui ont d\u00e9j\u00e0 \u00e9t\u00e9 cr\u00e9\u00e9s. Pour les supprimer, acc\u00e9dez aux r\u00e9glages de votre navigateur apr\u00e8s avoir modifi\u00e9 vos param\u00e8tres de t\u00e9moins. Des informations suppl\u00e9mentaires sont accessibles ci-dessous sur la mani\u00e8re de d\u00e9sactiver les t\u00e9moins ou d\u2019en g\u00e9rer les param\u00e8tres pour certains des principaux navigateurs Web :<\/p>\n<ul>\n<li><strong>Google Chrome :<\/strong><br \/><a href=\"https:\/\/support.google.com\/chrome\/answer\/95647?hl=fr\" target=\"_blank\" rel=\"noopener\">https:\/\/support.google.com\/chrome\/answer\/95647?hl=fr<\/a><\/li>\n<li><strong>Firefox :<\/strong><br \/><a href=\"https:\/\/support.mozilla.org\/fr\/kb\/protection-renforcee-contre-pistage-firefox-ordinateur?redirectslug=autoriser-bloquer-cookies-preferences-sites&#038;redirectlocale=fr\" target=\"_blank\" rel=\"noopener\">https:\/\/support.mozilla.org\/fr\/kb\/protection-renforcee-contre-pistage-firefox-ordinateur?redirectslug=autoriser-bloquer-cookies-preferences-sites&#038;redirectlocale=fr<\/a><\/li>\n<li><strong>Internet Explorer :<\/strong><br \/><a href=\"https:\/\/support.microsoft.com\/fr-fr\/windows\/supprimer-et-g%C3%A9rer-les-cookies-168dab11-0753-043d-7c16-ede5947fc64d\" target=\"_blank\" rel=\"noopener\">https:\/\/support.microsoft.com\/fr-fr\/windows\/supprimer-et-g%C3%A9rer-les-cookies-168dab11-0753-043d-7c16-ede5947fc64d<\/a><\/li>\n<li><strong>Safari :<\/strong><br \/><a href=\"https:\/\/support.apple.com\/fr-fr\/guide\/safari\/sfri11471\/mac\" target=\"_blank\" rel=\"noopener\">https:\/\/support.apple.com\/fr-fr\/guide\/safari\/sfri11471\/mac<\/a> et <a href=\"https:\/\/support.apple.com\/fr-ca\/HT201265\" target=\"_blank\" rel=\"noopener\">https:\/\/support.apple.com\/fr-ca\/HT201265<\/a><\/li>\n<li><strong>Pour savoir comment g\u00e9rer vos r\u00e9glages de t\u00e9moins Flash, visitez la page des Param\u00e8tres de contr\u00f4le d\u2019acc\u00e8s Flash sur la page Web d&rsquo;Adobe au :<\/strong><br \/><a href=\"https:\/\/www.macromedia.com\/support\/documentation\/fr\/flashplayer\/help\/help09.html\" target=\"_blank\" rel=\"noopener\">https:\/\/www.macromedia.com\/support\/documentation\/fr\/flashplayer\/help\/help09.html <\/a><\/li>\n<li><strong>Pour de plus amples renseignements sur la fa\u00e7on de modifier les param\u00e8tres de votre navigateur afin de bloquer ou de filtrer les t\u00e9moins, visitez le :<\/strong><br \/><a href=\"http:\/\/www.aboutcookies.org\/\" target=\"_blank\" rel=\"noopener\">http:\/\/www.aboutcookies.org\/<\/a><\/li>\n<li><strong>Pour en savoir plus sur les pratiques en mati\u00e8re de publicit\u00e9 sur Internet et sur les ressources disponibles pour les consommateurs, consultez les sites<\/strong><br \/><a href=\"http:\/\/www.aboutads.info\/consumers\/\" target=\"_blank\" rel=\"noopener\">http:\/\/www.aboutads.info\/consumers\/<\/a>,<br \/><a href=\"http:\/\/www.networkadvertising.org\/understanding-online-advertising\/how-does-it-work\" target=\"_blank\" rel=\"noopener\">http:\/\/www.networkadvertising.org\/understanding-online-advertising\/how-does-it-work<\/a><br \/>ou <a href=\"http:\/\/www.networkadvertising.org\/choices\" target=\"_blank\" rel=\"noopener\">http:\/\/www.networkadvertising.org\/choices<\/a><\/li>\n<\/ul>\n<\/div>\n<\/div><\/div><\/div><\/div><div class = \"tatsu-column-bg-image-wrap\"><div class = \"tatsu-column-bg-image\" ><\/div><\/div><div class=\"tatsu-overlay tatsu-column-overlay tatsu-animate-none\" ><\/div><\/div><style>.tatsu-row > .tatsu-ryObRtC5h.tatsu-column{width: 100%;}.tatsu-ryObRtC5h.tatsu-column > .tatsu-column-inner > .tatsu-column-overlay{mix-blend-mode: normal;}.tatsu-ryObRtC5h > .tatsu-column-inner > .tatsu-top-divider{z-index: 9999;}.tatsu-ryObRtC5h > .tatsu-column-inner > .tatsu-bottom-divider{z-index: 9999;}.tatsu-ryObRtC5h > .tatsu-column-inner > .tatsu-left-divider{z-index: 9999;}.tatsu-ryObRtC5h > .tatsu-column-inner > .tatsu-right-divider{z-index: 9999;}@media only screen and (max-width:1377px) {.tatsu-row > .tatsu-ryObRtC5h.tatsu-column{width: 100%;}}@media only screen and (min-width:768px) and (max-width: 1024px) {.tatsu-row > .tatsu-ryObRtC5h.tatsu-column{width: 100%;}}@media only screen and (max-width: 767px) {.tatsu-row > .tatsu-ryObRtC5h.tatsu-column{width: 100%;}}<\/style><\/div><\/div><\/div><\/div><div class=\"tatsu-section-background-wrap\"><div class = \"tatsu-section-background\" ><\/div><\/div><div class=\"tatsu-overlay tatsu-section-overlay\"><\/div><style>.tatsu-SkZ_-CtCqh .tatsu-section-pad{padding: 90px 0px 90px 0px;}.tatsu-SkZ_-CtCqh .tatsu-section-offset-wrap{transform: translateY(-0px);}.tatsu-SkZ_-CtCqh > .tatsu-bottom-divider{z-index: 9999;}.tatsu-SkZ_-CtCqh > .tatsu-top-divider{z-index: 9999;}.tatsu-SkZ_-CtCqh .tatsu-section-overlay{mix-blend-mode: normal;}<\/style><\/div>\n","protected":false},"excerpt":{"rendered":"<div><a href=\"https:\/\/siunik.ca\/fr\/politique-de-confidentialite-temoins\/\" class=\"exp-read-more exp-read-more-underlined\">Read More<\/a><\/div>\n","protected":false},"author":1,"featured_media":0,"parent":0,"menu_order":0,"comment_status":"closed","ping_status":"closed","template":"","meta":{"footnotes":""},"class_list":["post-770","page","type-page","status-publish","hentry"],"yoast_head":"<!-- This site is optimized with the Yoast SEO plugin v27.2 - https:\/\/yoast.com\/product\/yoast-seo-wordpress\/ -->\n<title>Politique de confidentialit\u00e9 t\u00e9moins - Unik<\/title>\n<meta name=\"robots\" content=\"index, follow, max-snippet:-1, max-image-preview:large, max-video-preview:-1\" \/>\n<link rel=\"canonical\" href=\"https:\/\/siunik.ca\/fr\/politique-de-confidentialite-temoins\/\" \/>\n<meta property=\"og:locale\" content=\"fr_FR\" \/>\n<meta property=\"og:type\" content=\"article\" \/>\n<meta property=\"og:title\" content=\"Politique de confidentialit\u00e9 t\u00e9moins - Unik\" \/>\n<meta property=\"og:description\" content=\"Read More\" \/>\n<meta property=\"og:url\" content=\"https:\/\/siunik.ca\/fr\/politique-de-confidentialite-temoins\/\" \/>\n<meta property=\"og:site_name\" content=\"Unik\" \/>\n<meta property=\"article:modified_time\" content=\"2023-08-07T17:51:09+00:00\" \/>\n<meta name=\"twitter:card\" content=\"summary_large_image\" \/>\n<meta name=\"twitter:label1\" content=\"Dur\u00e9e de lecture estim\u00e9e\" \/>\n\t<meta name=\"twitter:data1\" content=\"6 minutes\" \/>\n<script type=\"application\/ld+json\" class=\"yoast-schema-graph\">{\"@context\":\"https:\/\/schema.org\",\"@graph\":[{\"@type\":\"WebPage\",\"@id\":\"https:\/\/siunik.ca\/fr\/politique-de-confidentialite-temoins\/\",\"url\":\"https:\/\/siunik.ca\/fr\/politique-de-confidentialite-temoins\/\",\"name\":\"Politique de confidentialit\u00e9 t\u00e9moins - Unik\",\"isPartOf\":{\"@id\":\"https:\/\/siunik.ca\/fr\/#website\"},\"datePublished\":\"2023-07-19T18:16:33+00:00\",\"dateModified\":\"2023-08-07T17:51:09+00:00\",\"breadcrumb\":{\"@id\":\"https:\/\/siunik.ca\/fr\/politique-de-confidentialite-temoins\/#breadcrumb\"},\"inLanguage\":\"fr-FR\",\"potentialAction\":[{\"@type\":\"ReadAction\",\"target\":[\"https:\/\/siunik.ca\/fr\/politique-de-confidentialite-temoins\/\"]}]},{\"@type\":\"BreadcrumbList\",\"@id\":\"https:\/\/siunik.ca\/fr\/politique-de-confidentialite-temoins\/#breadcrumb\",\"itemListElement\":[{\"@type\":\"ListItem\",\"position\":1,\"name\":\"Home\",\"item\":\"https:\/\/siunik.ca\/fr\/\"},{\"@type\":\"ListItem\",\"position\":2,\"name\":\"Politique de confidentialit\u00e9 t\u00e9moins\"}]},{\"@type\":\"WebSite\",\"@id\":\"https:\/\/siunik.ca\/fr\/#website\",\"url\":\"https:\/\/siunik.ca\/fr\/\",\"name\":\"Unik\",\"description\":\"Des solutions pour les huissiers de justice du Qu\u00e9bc\",\"potentialAction\":[{\"@type\":\"SearchAction\",\"target\":{\"@type\":\"EntryPoint\",\"urlTemplate\":\"https:\/\/siunik.ca\/fr\/?s={search_term_string}\"},\"query-input\":{\"@type\":\"PropertyValueSpecification\",\"valueRequired\":true,\"valueName\":\"search_term_string\"}}],\"inLanguage\":\"fr-FR\"}]}<\/script>\n<!-- \/ Yoast SEO plugin. -->","yoast_head_json":{"title":"Politique de confidentialit\u00e9 t\u00e9moins - Unik","robots":{"index":"index","follow":"follow","max-snippet":"max-snippet:-1","max-image-preview":"max-image-preview:large","max-video-preview":"max-video-preview:-1"},"canonical":"https:\/\/siunik.ca\/fr\/politique-de-confidentialite-temoins\/","og_locale":"fr_FR","og_type":"article","og_title":"Politique de confidentialit\u00e9 t\u00e9moins - Unik","og_description":"Read More","og_url":"https:\/\/siunik.ca\/fr\/politique-de-confidentialite-temoins\/","og_site_name":"Unik","article_modified_time":"2023-08-07T17:51:09+00:00","twitter_card":"summary_large_image","twitter_misc":{"Dur\u00e9e de lecture estim\u00e9e":"6 minutes"},"schema":{"@context":"https:\/\/schema.org","@graph":[{"@type":"WebPage","@id":"https:\/\/siunik.ca\/fr\/politique-de-confidentialite-temoins\/","url":"https:\/\/siunik.ca\/fr\/politique-de-confidentialite-temoins\/","name":"Politique de confidentialit\u00e9 t\u00e9moins - Unik","isPartOf":{"@id":"https:\/\/siunik.ca\/fr\/#website"},"datePublished":"2023-07-19T18:16:33+00:00","dateModified":"2023-08-07T17:51:09+00:00","breadcrumb":{"@id":"https:\/\/siunik.ca\/fr\/politique-de-confidentialite-temoins\/#breadcrumb"},"inLanguage":"fr-FR","potentialAction":[{"@type":"ReadAction","target":["https:\/\/siunik.ca\/fr\/politique-de-confidentialite-temoins\/"]}]},{"@type":"BreadcrumbList","@id":"https:\/\/siunik.ca\/fr\/politique-de-confidentialite-temoins\/#breadcrumb","itemListElement":[{"@type":"ListItem","position":1,"name":"Home","item":"https:\/\/siunik.ca\/fr\/"},{"@type":"ListItem","position":2,"name":"Politique de confidentialit\u00e9 t\u00e9moins"}]},{"@type":"WebSite","@id":"https:\/\/siunik.ca\/fr\/#website","url":"https:\/\/siunik.ca\/fr\/","name":"Unik","description":"Des solutions pour les huissiers de justice du Qu\u00e9bc","potentialAction":[{"@type":"SearchAction","target":{"@type":"EntryPoint","urlTemplate":"https:\/\/siunik.ca\/fr\/?s={search_term_string}"},"query-input":{"@type":"PropertyValueSpecification","valueRequired":true,"valueName":"search_term_string"}}],"inLanguage":"fr-FR"}]}},"_links":{"self":[{"href":"https:\/\/siunik.ca\/fr\/wp-json\/wp\/v2\/pages\/770","targetHints":{"allow":["GET"]}}],"collection":[{"href":"https:\/\/siunik.ca\/fr\/wp-json\/wp\/v2\/pages"}],"about":[{"href":"https:\/\/siunik.ca\/fr\/wp-json\/wp\/v2\/types\/page"}],"author":[{"embeddable":true,"href":"https:\/\/siunik.ca\/fr\/wp-json\/wp\/v2\/users\/1"}],"replies":[{"embeddable":true,"href":"https:\/\/siunik.ca\/fr\/wp-json\/wp\/v2\/comments?post=770"}],"version-history":[{"count":8,"href":"https:\/\/siunik.ca\/fr\/wp-json\/wp\/v2\/pages\/770\/revisions"}],"predecessor-version":[{"id":837,"href":"https:\/\/siunik.ca\/fr\/wp-json\/wp\/v2\/pages\/770\/revisions\/837"}],"wp:attachment":[{"href":"https:\/\/siunik.ca\/fr\/wp-json\/wp\/v2\/media?parent=770"}],"curies":[{"name":"wp","href":"https:\/\/api.w.org\/{rel}","templated":true}]}}